{"id":796,"date":"2016-01-30T05:15:32","date_gmt":"2016-01-30T04:15:32","guid":{"rendered":"https:\/\/www.saskialund.de\/?page_id=796"},"modified":"2020-07-27T21:05:07","modified_gmt":"2020-07-27T19:05:07","slug":"servicekatalog","status":"publish","type":"page","link":"https:\/\/isla-stud.io\/sv\/wordpress-247-service-support-wartungsvertrag\/dienstleistungskatalog\/","title":{"rendered":"Servicekatalog"},"content":{"rendered":"<p>[et_pb_section fb_built=&#8221;1&#8243; admin_label=&#8221;section&#8221; _builder_version=&#8221;4.5.1&#8243; background_color=&#8221;#f0e2d2&#8243;][et_pb_row admin_label=&#8221;row&#8221; _builder_version=&#8221;4.5.1&#8243; background_size=&#8221;initial&#8221; background_position=&#8221;top_left&#8221; background_repeat=&#8221;repeat&#8221; custom_padding=&#8221;||||false|true&#8221;][et_pb_column type=&#8221;4_4&#8243; _builder_version=&#8221;3.25&#8243; custom_padding=&#8221;|||&#8221; custom_padding__hover=&#8221;|||&#8221;][et_pb_text _builder_version=&#8221;4.5.1&#8243; _dynamic_attributes=&#8221;content&#8221; _module_preset=&#8221;dcc33560-3c8d-455b-be12-8cb8aee78d1c&#8221;]@ET-DC@eyJkeW5hbWljIjp0cnVlLCJjb250ZW50IjoicG9zdF90aXRsZSIsInNldHRpbmdzIjp7ImJlZm9yZSI6IjxoMT4iLCJhZnRlciI6IjwvaDE+In19@[\/et_pb_text][et_pb_text _builder_version=&#8221;4.5.1&#8243; _module_preset=&#8221;_initial&#8221; hover_enabled=&#8221;0&#8243;]Im Rahmen eines WordPress Wartungs- und Servicevertrags, stehen Ihnen je nach Vereinbarung, die folgenden Servicejobs zur Anfrage zur Verf\u00fcgung, sofern die Erf\u00fcllung nicht den Aufwand von 30 Minuten \u00fcberschreitet.<br \/>\nFalls Sie einen individuellen Servicevertrag abgeschlossen haben, sind m\u00f6glicherweise zus\u00e4tzliche, andere oder keine der unten aufgef\u00fchrten Dienstleistungen enthalten. Sie finden Ihre individuellen Leistungen in Ihrem Servicebereich unter &#8220;Vertr\u00e4ge&#8221; und\/oder in Ihrem Angebotstext. Diese Liste gibt Aufschluss \u00fcber die grunds\u00e4tzlich m\u00f6glichen Leistungen.<\/p>\n<ul class=\"fa-ul gruenli\">\n<li><i class=\"fa-li fa fa-check\"><\/i> Backup Ihrer Website<\/li>\n<li><i class=\"fa-li fa fa-check\"><\/i> Malwarebeseitigung<\/li>\n<li><i class=\"fa-li fa fa-check\"><\/i> Spambereinigung<\/li>\n<li><i class=\"fa-li fa fa-check\"><\/i> \u00dcberwachung der Website (Erreichbarkeit etc.)<\/li>\n<li><i class=\"fa-li fa fa-check\"><\/i> Problembehebung nach einem WordPress Core Update<\/li>\n<li><i class=\"fa-li fa fa-check\"><\/i> Verbesserung der Website-Sicherheit<\/li>\n<li><i class=\"fa-li fa fa-check\"><\/i> Spampr\u00e4vention<\/li>\n<li><i class=\"fa-li fa fa-check\"><\/i> Beratung zu und Empfehlung von Plugins<\/li>\n<li><i class=\"fa-li fa fa-check\"><\/i> Wiederherstellung einer gehackten Website<\/li>\n<li><i class=\"fa-li fa fa-check\"><\/i> Aktualisierung von Plugins*<\/li>\n<li><i class=\"fa-li fa fa-check\"><\/i> Aktualisierung Ihres Themes** (sofern nicht individuell hochangepasst und\/oder ohne Childtheme))<\/li>\n<li><i class=\"fa-li fa fa-check\"><\/i> Aktualisierung des WordPress Cores<\/li>\n<\/ul>\n<p>Die nachfolgend aufgef\u00fchrten Dienstleistungen liegen ausserhalb des Leistungsumfangs des angebotenen WordPress Servicevertrags &#8211; es sei denn es wurden individuelle Vereinbarungen im Angebotstext unterbreitet. Falls Sie dennoch gern eine der unten aufgef\u00fchrten Leistungen beauftragen m\u00f6chten, unterbreite ich Ihnen hierf\u00fcr gern ein separates Angebot. Die Abrechnung erfolgt nach Aufwand zum vereinbarten Stundensatz zzgl. MwSt.<\/p>\n<ul class=\"fa-ul orangerotli\">\n<li><i class=\"fa-li fa fa-times\"><\/i> Erweiterung eines Plugins um individuelle Funktionalit\u00e4ten<\/li>\n<li><i class=\"fa-li fa fa-times\"><\/i> Hinzuf\u00fcgen individueller Produkte zu WooCommerce<\/li>\n<li><i class=\"fa-li fa fa-times\"><\/i> Boost von Seitenranking in Suchmaschinen<\/li>\n<li><i class=\"fa-li fa fa-times\"><\/i> Eine neue Site aufbauen<\/li>\n<li><i class=\"fa-li fa fa-times\"><\/i> Aufbau von Seitenbacklinks<\/li>\n<li><i class=\"fa-li fa fa-times\"><\/i> DNS Konfiguration<\/li>\n<li><i class=\"fa-li fa fa-times\"><\/i> \u00dcberpr\u00fcfung der Websitegr\u00f6\u00dfe und Ladezeit<\/li>\n<li><i class=\"fa-li fa fa-times\"><\/i> Verbesserung der Seitengeschwindigkeit<\/li>\n<li><i class=\"fa-li fa fa-times\"><\/i> SSL Konfiguration<\/li>\n<li><i class=\"fa-li fa fa-times\"><\/i> Konfiguration eines Plugins<\/li>\n<li><i class=\"fa-li fa fa-times\"><\/i> Installation und Konfiguration eines Caching Plugins<\/li>\n<li><i class=\"fa-li fa fa-times\"><\/i> Konfiguration eines neuen Themes<\/li>\n<li><i class=\"fa-li fa fa-times\"><\/i> Umfassende Beratungsarbeit<\/li>\n<li><i class=\"fa-li fa fa-times\"><\/i> Erstellung einer Google+ Businessseite<\/li>\n<li><i class=\"fa-li fa fa-times\"><\/i> Installation eines Kommentarsystems<\/li>\n<li><i class=\"fa-li fa fa-times\"><\/i> Erstellung eines Plugins<\/li>\n<li><i class=\"fa-li fa fa-times\"><\/i> Bild- und Grafikerstellung<\/li>\n<li><i class=\"fa-li fa fa-times\"><\/i> Erstellung von Seitentemplates f\u00fcr LeadPages<\/li>\n<li><i class=\"fa-li fa fa-times\"><\/i> Design<\/li>\n<li><i class=\"fa-li fa fa-times\"><\/i> Fehler-, Konflikt- und Kompatibilit\u00e4tsproblembehebung bei WooCommerce Erweiterungen<\/li>\n<li><i class=\"fa-li fa fa-times\"><\/i> Seitentraffic erh\u00f6hen<\/li>\n<li><i class=\"fa-li fa fa-times\"><\/i> Ihre Website \u201eResponsive machen&#8221; \/ Responsive Code einf\u00fcgen<\/li>\n<li><i class=\"fa-li fa fa-times\"><\/i> Multisite Support<\/li>\n<li><i class=\"fa-li fa fa-times\"><\/i> Marketingaufgaben &#8211; Bezahldienste<\/li>\n<li><i class=\"fa-li fa fa-times\"><\/i> Konfiguration von Payment Gateways<\/li>\n<li><i class=\"fa-li fa fa-times\"><\/i> Telefonsupport<\/li>\n<li><i class=\"fa-li fa fa-times\"><\/i> Empfehlung von Themes<\/li>\n<li><i class=\"fa-li fa fa-times\"><\/i> Entfernung von Themeindividualisierungen<\/li>\n<li><i class=\"fa-li fa fa-times\"><\/i> Recherche von fr\u00fcheren individuellen Anpassungen am Themecode<\/li>\n<li><i class=\"fa-li fa fa-times\"><\/i> L\u00f6sen von WooCommerce-Konflikten mit Ihrem Theme<\/li>\n<li><i class=\"fa-li fa fa-times\"><\/i> SEO<\/li>\n<li><i class=\"fa-li fa fa-times\"><\/i> L\u00f6sen von Problemen bei der Anordnung von Inhalten<\/li>\n<li><i class=\"fa-li fa fa-times\"><\/i> Einrichtung von E-Mail-Accounts<\/li>\n<li><i class=\"fa-li fa fa-times\"><\/i> Ein neues Theme aufsetzen<\/li>\n<li><i class=\"fa-li fa fa-times\"><\/i> Ein Theme f\u00fcr bestimmte Seiten aufsetzen<\/li>\n<li><i class=\"fa-li fa fa-times\"><\/i> Seiten, die unter WordPress.com gehostet sind<\/li>\n<li><i class=\"fa-li fa fa-times\"><\/i> Migration einer Nicht-WordPress-Seite auf WordPress<\/li>\n<li><i class=\"fa-li fa fa-times\"><\/i> Seitenumz\u00fcge zwischen Hostern<\/li>\n<li><i class=\"fa-li fa fa-times\"><\/i> Weiterleitungen nach einer Systemmigration oder bei Domain\u00e4nderungen einrichten<\/li>\n<li><i class=\"fa-li fa fa-times\"><\/i> Aktualisierung eines individuell hochangepassten Themes<\/li>\n<li><i class=\"fa-li fa fa-times\"><\/i> Aktualisierung einer individualisierten WooCommerce-Installation<\/li>\n<li><i class=\"fa-li fa fa-times\"><\/i> Inhaltsaktualisierung, -erstellung und -ver\u00f6ffentlichung<\/li>\n<\/ul>\n<p>Ihr Anliegen ist nicht im Servicevertrag enthalten?<\/p>\n<p>Nicht verzweifeln! <a title=\"Nachricht schreiben mit Job-Erl\u00e4uterung\" href=\"https:\/\/www.saskialund.de\/kontakt\/\" target=\"_blank\" rel=\"noopener\">Schreiben Sie mir einfach eine Nachricht<\/a> und ich schaue was ich f\u00fcr Sie tun kann.<\/p>\n<p><small>* Premiumplugins k\u00f6nnen nur dann aktualisiert werden, wenn in der Installation der zugeh\u00f6rige Aktivierungscode des Plugins hinterlegt ist bzw. Zugang zum Drittanbieterdownload der Aktualisierungsdateien zur Verf\u00fcgung gestellt wird.<br \/>\nW\u00fcrde das Instandsetzen bspw. einer WooCommerce-Shopfunktionalit\u00e4t nach einem Update den Zeitrahmen von 1\/2 Stunde sprengen, erhalten Sie vor Aktualisierungsvorgang ein entsprechendes Angebot zum vereinbarten Stundensatz.<\/small><\/p>\n<p><small>** Ist auf der zu wartenden Website ein Theme aktiviert, das nach einer Aktualisierung von Plugins \/ des WP Cores nicht mehr korrekt funktionieren w\u00fcrde, und die notwendige Anpassung des Themecodes w\u00fcrde den Aufwand von 1\/2 Stunde \u00fcberschreiten, unterbreite ich Ihnen ein entsprechendes Angebot zum vereinbarten Stundensatz.<\/small><\/p>\n<p><a title=\"Zur\u00fcck zur \u00dcbersicht\" href=\"https:\/\/www.saskialund.de\/wordpress-247-service-support-wartungsvertrag\/\" target=\"_blank\" rel=\"noopener\"><i class=\"fa fa-arrow-left\"><\/i> Zur\u00fcck zur \u00dcbersicht \u201eWordPress Servicevertrag&#8221;<\/a>[\/et_pb_text][\/et_pb_column][\/et_pb_row][\/et_pb_section]<\/p>\n","protected":false},"excerpt":{"rendered":"<p>Im Rahmen eines WordPress Wartungs- und Servicevertrags, stehen Ihnen je nach Vereinbarung, die folgenden Servicejobs zur Anfrage zur Verf\u00fcgung, sofern die Erf\u00fcllung nicht den Aufwand von 30 Minuten \u00fcberschreitet. Falls Sie einen individuellen Servicevertrag abgeschlossen haben, sind m\u00f6glicherweise zus\u00e4tzliche, andere oder keine der unten aufgef\u00fchrten Dienstleistungen enthalten. Sie finden Ihre individuellen Leistungen in Ihrem Servicebereich [&hellip;]<\/p>\n","protected":false},"author":1,"featured_media":759,"parent":488,"menu_order":0,"comment_status":"closed","ping_status":"closed","template":"","meta":{"_acf_changed":false,"_et_pb_use_builder":"on","_et_pb_old_content":"<h5>Was ist enthalten?<\/h5>\n\nIm Rahmen eines WordPress Wartungs- und Servicevertrags, stehen Ihnen je nach Vereinbarung, die folgenden Servicejobs zur Anfrage zur Verf\u00fcgung, sofern die Erf\u00fcllung nicht den Aufwand von 30 Minuten \u00fcberschreitet.\nFalls Sie einen individuellen Servicevertrag abgeschlossen haben, sind m\u00f6glicherweise zus\u00e4tzliche, andere oder keine der unten aufgef\u00fchrten Dienstleistungen enthalten. Sie finden Ihre individuellen Leistungen in Ihrem Servicebereich unter \"Vertr\u00e4ge\" und\/oder in Ihrem Angebotstext. Diese Liste gibt Aufschluss \u00fcber die grunds\u00e4tzlich m\u00f6glichen Leistungen.\n\n<ul class=\"fa-ul gruenli\">\n    <li><i class=\"fa-li fa fa-check\"><\/i> Backup Ihrer Website<\/li>\n    <li><i class=\"fa-li fa fa-check\"><\/i> Malwarebeseitigung<\/li>\n    <li><i class=\"fa-li fa fa-check\"><\/i> Spambereinigung<\/li>\n    <li><i class=\"fa-li fa fa-check\"><\/i> \u00dcberwachung der Website (Erreichbarkeit etc.)<\/li>\n    <li><i class=\"fa-li fa fa-check\"><\/i> Problembehebung nach einem WordPress Core Update<\/li>\n    <li><i class=\"fa-li fa fa-check\"><\/i> Verbesserung der Website-Sicherheit<\/li>\n    <li><i class=\"fa-li fa fa-check\"><\/i> Spampr\u00e4vention<\/li>\n    <li><i class=\"fa-li fa fa-check\"><\/i> Beratung zu und Empfehlung von Plugins<\/li>\n    <li><i class=\"fa-li fa fa-check\"><\/i> Wiederherstellung einer gehackten Website<\/li>\n    <li><i class=\"fa-li fa fa-check\"><\/i> Aktualisierung von Plugins*<\/li>\n    <li><i class=\"fa-li fa fa-check\"><\/i> Aktualisierung Ihres Themes** (sofern nicht individuell hochangepasst und\/oder ohne Childtheme))<\/li>\n    <li><i class=\"fa-li fa fa-check\"><\/i> Aktualisierung des WordPress Cores<\/li>\n<\/ul>\n\n<h5>Was ist nicht enthalten?<\/h5>\n\nDie nachfolgend aufgef\u00fchrten Dienstleistungen liegen ausserhalb des Leistungsumfangs des angebotenen WordPress Servicevertrags - es sei denn es wurden individuelle Vereinbarungen im Angebotstext unterbreitet. Falls Sie dennoch gern eine der unten aufgef\u00fchrten Leistungen beauftragen m\u00f6chten, unterbreite ich Ihnen hierf\u00fcr gern ein separates Angebot. Die Abrechnung erfolgt nach Aufwand zum vereinbarten Stundensatz zzgl. MwSt.\n\n<ul class=\"fa-ul orangerotli\">\n    <li><i class=\"fa-li fa fa-times\"><\/i> Erweiterung eines Plugins um individuelle Funktionalit\u00e4ten<\/li>\n    <li><i class=\"fa-li fa fa-times\"><\/i> Hinzuf\u00fcgen individueller Produkte zu WooCommerce<\/li>\n    <li><i class=\"fa-li fa fa-times\"><\/i> Boost von Seitenranking in Suchmaschinen<\/li>\n    <li><i class=\"fa-li fa fa-times\"><\/i> Eine neue Site aufbauen<\/li>\n    <li><i class=\"fa-li fa fa-times\"><\/i> Aufbau von Seitenbacklinks<\/li>\n    <li><i class=\"fa-li fa fa-times\"><\/i> DNS Konfiguration<\/li>\n    <li><i class=\"fa-li fa fa-times\"><\/i> \u00dcberpr\u00fcfung der Websitegr\u00f6\u00dfe und Ladezeit<\/li>\n    <li><i class=\"fa-li fa fa-times\"><\/i> Verbesserung der Seitengeschwindigkeit<\/li>\n    <li><i class=\"fa-li fa fa-times\"><\/i> SSL Konfiguration<\/li>\n    <li><i class=\"fa-li fa fa-times\"><\/i> Konfiguration eines Plugins<\/li>\n    <li><i class=\"fa-li fa fa-times\"><\/i> Installation und Konfiguration eines Caching Plugins<\/li>\n    <li><i class=\"fa-li fa fa-times\"><\/i> Konfiguration eines neuen Themes<\/li>\n    <li><i class=\"fa-li fa fa-times\"><\/i> Umfassende Beratungsarbeit<\/li>\n    <li><i class=\"fa-li fa fa-times\"><\/i> Erstellung einer Google+ Businessseite<\/li>\n    <li><i class=\"fa-li fa fa-times\"><\/i> Installation eines Kommentarsystems<\/li>\n    <li><i class=\"fa-li fa fa-times\"><\/i> Erstellung eines Plugins<\/li>\n    <li><i class=\"fa-li fa fa-times\"><\/i> Bild- und Grafikerstellung<\/li>\n    <li><i class=\"fa-li fa fa-times\"><\/i> Erstellung von Seitentemplates f\u00fcr LeadPages<\/li>\n    <li><i class=\"fa-li fa fa-times\"><\/i> Design<\/li>\n    <li><i class=\"fa-li fa fa-times\"><\/i> Fehler-, Konflikt- und Kompatibilit\u00e4tsproblembehebung bei WooCommerce Erweiterungen<\/li>\n    <li><i class=\"fa-li fa fa-times\"><\/i> Seitentraffic erh\u00f6hen<\/li>\n    <li><i class=\"fa-li fa fa-times\"><\/i> Ihre Website \u201eResponsive machen\" \/ Responsive Code einf\u00fcgen<\/li>\n    <li><i class=\"fa-li fa fa-times\"><\/i> Multisite Support<\/li>\n    <li><i class=\"fa-li fa fa-times\"><\/i> Marketingaufgaben - Bezahldienste<\/li>\n    <li><i class=\"fa-li fa fa-times\"><\/i> Konfiguration von Payment Gateways<\/li>\n    <li><i class=\"fa-li fa fa-times\"><\/i> Telefonsupport<\/li>\n    <li><i class=\"fa-li fa fa-times\"><\/i> Empfehlung von Themes<\/li>\n    <li><i class=\"fa-li fa fa-times\"><\/i> Entfernung von Themeindividualisierungen<\/li>\n    <li><i class=\"fa-li fa fa-times\"><\/i> Recherche von fr\u00fcheren individuellen Anpassungen am Themecode<\/li>\n    <li><i class=\"fa-li fa fa-times\"><\/i> L\u00f6sen von WooCommerce-Konflikten mit Ihrem Theme<\/li>\n    <li><i class=\"fa-li fa fa-times\"><\/i> SEO<\/li>\n    <li><i class=\"fa-li fa fa-times\"><\/i> L\u00f6sen von Problemen bei der Anordnung von Inhalten<\/li>\n    <li><i class=\"fa-li fa fa-times\"><\/i> Einrichtung von E-Mail-Accounts<\/li>\n    <li><i class=\"fa-li fa fa-times\"><\/i> Ein neues Theme aufsetzen<\/li>\n    <li><i class=\"fa-li fa fa-times\"><\/i> Ein Theme f\u00fcr bestimmte Seiten aufsetzen<\/li>\n    <li><i class=\"fa-li fa fa-times\"><\/i> Seiten, die unter WordPress.com gehostet sind<\/li>\n    <li><i class=\"fa-li fa fa-times\"><\/i> Migration einer Nicht-WordPress-Seite auf WordPress<\/li>\n    <li><i class=\"fa-li fa fa-times\"><\/i> Seitenumz\u00fcge zwischen Hostern<\/li>\n    <li><i class=\"fa-li fa fa-times\"><\/i> Weiterleitungen nach einer Systemmigration oder bei Domain\u00e4nderungen einrichten<\/li>\n    <li><i class=\"fa-li fa fa-times\"><\/i> Aktualisierung eines individuell hochangepassten Themes<\/li>\n    <li><i class=\"fa-li fa fa-times\"><\/i> Aktualisierung einer individualisierten WooCommerce-Installation<\/li>\n    <li><i class=\"fa-li fa fa-times\"><\/i> Inhaltsaktualisierung, -erstellung und -ver\u00f6ffentlichung<\/li>\n<\/ul>\n\n<h5>Ihr Anliegen ist nicht im Servicevertrag enthalten?<\/h5>\n\nNicht verzweifeln! <a title=\"Nachricht schreiben mit Job-Erl\u00e4uterung\" href=\"https:\/\/www.saskialund.de\/kontakt\/\">Schreiben Sie mir einfach eine Nachricht<\/a> und ich schaue was ich f\u00fcr Sie tun kann.\n\n<small>* Premiumplugins k\u00f6nnen nur dann aktualisiert werden, wenn in der Installation der zugeh\u00f6rige Aktivierungscode des Plugins hinterlegt ist bzw. Zugang zum Drittanbieterdownload der Aktualisierungsdateien zur Verf\u00fcgung gestellt wird.\nW\u00fcrde das Instandsetzen bspw. einer WooCommerce-Shopfunktionalit\u00e4t nach einem Update den Zeitrahmen von 1\/2 Stunde sprengen, erhalten Sie vor Aktualisierungsvorgang ein entsprechendes Angebot zum vereinbarten Stundensatz.<\/small>\n\n<small>** Ist auf der zu wartenden Website ein Theme aktiviert, das nach einer Aktualisierung von Plugins \/ des WP Cores nicht mehr korrekt funktionieren w\u00fcrde, und die notwendige Anpassung des Themecodes w\u00fcrde den Aufwand von 1\/2 Stunde \u00fcberschreiten, unterbreite ich Ihnen ein entsprechendes Angebot zum vereinbarten Stundensatz.<\/small>\n\n<a title=\"Zur\u00fcck zur \u00dcbersicht\" href=\"https:\/\/www.saskialund.de\/wordpress-247-service-support-wartungsvertrag\/\"><i class=\"fa fa-arrow-left\"><\/i> Zur\u00fcck zur \u00dcbersicht \u201eWordPress Servicevertrag\"<\/a>","_et_gb_content_width":"","footnotes":""},"dipi_cpt_category":[],"class_list":["post-796","page","type-page","status-publish","has-post-thumbnail","hentry"],"acf":[],"_links":{"self":[{"href":"https:\/\/isla-stud.io\/sv\/wp-json\/wp\/v2\/pages\/796","targetHints":{"allow":["GET"]}}],"collection":[{"href":"https:\/\/isla-stud.io\/sv\/wp-json\/wp\/v2\/pages"}],"about":[{"href":"https:\/\/isla-stud.io\/sv\/wp-json\/wp\/v2\/types\/page"}],"author":[{"embeddable":true,"href":"https:\/\/isla-stud.io\/sv\/wp-json\/wp\/v2\/users\/1"}],"replies":[{"embeddable":true,"href":"https:\/\/isla-stud.io\/sv\/wp-json\/wp\/v2\/comments?post=796"}],"version-history":[{"count":0,"href":"https:\/\/isla-stud.io\/sv\/wp-json\/wp\/v2\/pages\/796\/revisions"}],"up":[{"embeddable":true,"href":"https:\/\/isla-stud.io\/sv\/wp-json\/wp\/v2\/pages\/488"}],"wp:featuredmedia":[{"embeddable":true,"href":"https:\/\/isla-stud.io\/sv\/wp-json\/wp\/v2\/media\/759"}],"wp:attachment":[{"href":"https:\/\/isla-stud.io\/sv\/wp-json\/wp\/v2\/media?parent=796"}],"wp:term":[{"taxonomy":"dipi_cpt_category","embeddable":true,"href":"https:\/\/isla-stud.io\/sv\/wp-json\/wp\/v2\/dipi_cpt_category?post=796"}],"curies":[{"name":"wp","href":"https:\/\/api.w.org\/{rel}","templated":true}]}}