{"id":488,"date":"2015-10-12T16:33:48","date_gmt":"2015-10-12T14:33:48","guid":{"rendered":"https:\/\/www.saskialund.de\/?page_id=488"},"modified":"2020-07-27T21:27:32","modified_gmt":"2020-07-27T19:27:32","slug":"wordpress-247-service-support-underhallsavtal","status":"publish","type":"page","link":"https:\/\/isla-stud.io\/sv\/wordpress-247-service-support-wartungsvertrag\/","title":{"rendered":"WordPress Service &amp; Support"},"content":{"rendered":"<p>[et_pb_section fb_built=&#8221;1&#8243; admin_label=&#8221;section&#8221; _builder_version=&#8221;4.5.1&#8243; background_color=&#8221;#f0e2d2&#8243;][et_pb_row admin_label=&#8221;row&#8221; _builder_version=&#8221;4.5.1&#8243; background_size=&#8221;initial&#8221; background_position=&#8221;top_left&#8221; background_repeat=&#8221;repeat&#8221; custom_padding=&#8221;||||false|true&#8221;][et_pb_column type=&#8221;4_4&#8243; _builder_version=&#8221;3.25&#8243; custom_padding=&#8221;|||&#8221; custom_padding__hover=&#8221;|||&#8221;][et_pb_text _builder_version=&#8221;4.5.1&#8243; _dynamic_attributes=&#8221;content&#8221; _module_preset=&#8221;dcc33560-3c8d-455b-be12-8cb8aee78d1c&#8221;]@ET-DC@eyJkeW5hbWljIjp0cnVlLCJjb250ZW50IjoicG9zdF90aXRsZSIsInNldHRpbmdzIjp7ImJlZm9yZSI6IjxoMT4iLCJhZnRlciI6IjwvaDE+In19@[\/et_pb_text][et_pb_text _builder_version=&#8221;4.5.1&#8243; _module_preset=&#8221;_initial&#8221; hover_enabled=&#8221;0&#8243;]An 365 Tagen im Jahr bin ich f\u00fcr Ihre WordPress-Website da. Ich erledige s\u00e4mtliche kleinen Reparaturaufgaben und fixe auftretende Bugs. Sie m\u00fcssen sich nicht mehr durch technisches Kauderwelsch w\u00fchlen und tagelang nach irgendwelchen L\u00f6sungen suchen. \u00dcberlassen Sie das doch einfach einem Profi und fangen Sie Besseres mit Ihrer Zeit an.<\/p>\n<p>Entscheiden Sie sich f\u00fcr einen monatlichen Pauschalbetrag und gew\u00e4hrleisten Sie die akurate Funktionalit\u00e4t Ihrer WordPress Website. Oder ich helfe Ihnen einmalig bei einem einzelnen akuten WordPress Problem.[\/et_pb_text][\/et_pb_column][\/et_pb_row][et_pb_row column_structure=&#8221;2_3,1_3&#8243; custom_padding_last_edited=&#8221;on|phone&#8221; _builder_version=&#8221;4.5.1&#8243; _module_preset=&#8221;default&#8221; custom_padding=&#8221;||30px||false|false&#8221; custom_padding_tablet=&#8221;||30px||false|false&#8221; custom_padding_phone=&#8221;&#8221;][et_pb_column type=&#8221;2_3&#8243; _builder_version=&#8221;4.5.1&#8243; _module_preset=&#8221;default&#8221;][et_pb_text admin_label=&#8221;Text&#8221; _builder_version=&#8221;4.5.1&#8243; background_color=&#8221;#efe9e1&#8243; background_size=&#8221;initial&#8221; background_position=&#8221;top_left&#8221; background_repeat=&#8221;repeat&#8221; max_width=&#8221;650px&#8221; custom_margin=&#8221;||||false|false&#8221; custom_padding=&#8221;40px|40px|20px|40px|false|true&#8221; hover_enabled=&#8221;0&#8243; box_shadow_style=&#8221;preset1&#8243; box_shadow_blur=&#8221;60px&#8221; box_shadow_spread=&#8221;10px&#8221; box_shadow_color=&#8221;rgba(0,0,0,0.08)&#8221;]<\/p>\n<h2>WordPress 24\/7 Service &amp; Support<\/h2>\n<p>Ein Wartungsvertrag kann f\u00fcr eine Mindestlaufzeit von 12 Monaten abgeschlossen werden &#8211; die K\u00fcndigungsfrist betr\u00e4gt 3 Monate zum Ende der Laufzeit, ansonsten verl\u00e4ngert sich der Vertrag um weitere 12 Monate.<\/p>\n<p>Je nach Setup Ihrer WordPress Website, wird Ihr individueller Wartungsvertrag zusammengestellt.<\/p>\n<p>Eine \u00dcbersicht aller Leistungen, die in einem solchen WordPress Wartungsvertrag enthalten sein k\u00f6nnen, finden Sie <a href=\"https:\/\/www.saskialund.de\/wordpress-247-service-support-wartungsvertrag\/dienstleistungskatalog\/\" target=\"_blank\" rel=\"noopener\">hier <i class=\"fas fa-angle-right\"><\/i><\/a>. [\/et_pb_text][\/et_pb_column][et_pb_column type=&#8221;1_3&#8243; _builder_version=&#8221;4.5.1&#8243; _module_preset=&#8221;default&#8221;][et_pb_text _builder_version=&#8221;4.5.1&#8243; _module_preset=&#8221;default&#8221; hover_enabled=&#8221;0&#8243;]<\/p>\n<h2 id=\"m3\">Interessiert?<\/h2>\n<p>Sie erhalten auf Anfrage ein auf Ihr Projekt zugeschnittenes Vertragsangebot.<\/p>\n<p>[\/et_pb_text][et_pb_button button_text=&#8221;Angebot anfragen&#8221; _builder_version=&#8221;4.5.1&#8243; _module_preset=&#8221;default&#8221; button_url=&#8221;@ET-DC@eyJkeW5hbWljIjp0cnVlLCJjb250ZW50IjoicG9zdF9saW5rX3VybF9wYWdlIiwic2V0dGluZ3MiOnsicG9zdF9pZCI6IjEzNiJ9fQ==@&#8221; _dynamic_attributes=&#8221;button_url&#8221; hover_enabled=&#8221;0&#8243;][\/et_pb_button][\/et_pb_column][\/et_pb_row][et_pb_row column_structure=&#8221;1_3,1_3,1_3&#8243; _builder_version=&#8221;4.5.1&#8243; _module_preset=&#8221;default&#8221; custom_padding=&#8221;||0px||false|false&#8221;][et_pb_column type=&#8221;1_3&#8243; _builder_version=&#8221;4.5.1&#8243; _module_preset=&#8221;default&#8221;][et_pb_text admin_label=&#8221;Text&#8221; _builder_version=&#8221;4.5.1&#8243; _module_preset=&#8221;181b5204-a296-43b4-aff8-66ba45aa17f0&#8243; hover_enabled=&#8221;0&#8243;]<\/p>\n<h2><i class=\"flat_icons1 specialfarbe fas fa-hand-peace\"><\/i><br \/>\nKr\u00fcmmen Sie keinen Finger<\/h2>\n<p>Denn Sie k\u00f6nnen Ihre Zeit besser gestalten, als sie mit WordPress-Basteleien zu verdaddeln.[\/et_pb_text][\/et_pb_column][et_pb_column type=&#8221;1_3&#8243; _builder_version=&#8221;4.5.1&#8243; _module_preset=&#8221;default&#8221;][et_pb_text admin_label=&#8221;Text&#8221; _builder_version=&#8221;4.5.1&#8243; _module_preset=&#8221;181b5204-a296-43b4-aff8-66ba45aa17f0&#8243; hover_enabled=&#8221;0&#8243;]<\/p>\n<h2><i class=\"flat_icons1 specialfarbe fas fa-bug\"><\/i><br \/>\nRund um die Uhr<\/h2>\n<p>Weil Probleme grunds\u00e4tzlich zum falschen Zeitpunkt auftreten.[\/et_pb_text][\/et_pb_column][et_pb_column type=&#8221;1_3&#8243; _builder_version=&#8221;4.5.1&#8243; _module_preset=&#8221;default&#8221;][et_pb_text admin_label=&#8221;Text&#8221; _builder_version=&#8221;4.5.1&#8243; _module_preset=&#8221;181b5204-a296-43b4-aff8-66ba45aa17f0&#8243; hover_enabled=&#8221;0&#8243;]<\/p>\n<h2><i class=\"flat_icons1 specialfarbe fas fa-bug\"><\/i><br \/>\nF\u00fcr eine bug-freie Website<\/h2>\n<p>Denn fehlerhafte Seiten bedeuten Kunden- und Absatzverluste.[\/et_pb_text][\/et_pb_column][\/et_pb_row][\/et_pb_section]<\/p>\n","protected":false},"excerpt":{"rendered":"<p>An 365 Tagen im Jahr bin ich f\u00fcr Ihre WordPress-Website da. Ich erledige s\u00e4mtliche kleinen Reparaturaufgaben und fixe auftretende Bugs. Sie m\u00fcssen sich nicht mehr durch technisches Kauderwelsch w\u00fchlen und tagelang nach irgendwelchen L\u00f6sungen suchen. \u00dcberlassen Sie das doch einfach einem Profi und fangen Sie Besseres mit Ihrer Zeit an. Entscheiden Sie sich f\u00fcr einen [&hellip;]<\/p>\n","protected":false},"author":1,"featured_media":759,"parent":0,"menu_order":0,"comment_status":"closed","ping_status":"closed","template":"","meta":{"_acf_changed":false,"_et_pb_use_builder":"on","_et_pb_old_content":"<div class=\"columnscenter\">[creativ_columns structure=\"33|33|33\"][creativ_col position=\"a\"]\n<h1 class=\"center iconhead\"><i class=\"flat_icons1 specialfarbe fas fa-hand-peace\"><\/i><\/h1>\n<h5>Kr\u00fcmmen Sie keinen Finger<\/h5>\nDenn Sie k\u00f6nnen Ihre Zeit besser gestalten, als sie mit WordPress-Basteleien zu verdaddeln.\n\n[\/creativ_col][creativ_col position=\"b\"]\n<h1 class=\"center iconhead\"><i class=\"flat_icons1 specialfarbe fas fa-bug\"><\/i><\/h1>\n<h5>F\u00fcr eine bug-freie Website<\/h5>\nDenn fehlerhafte Seiten bedeuten Kunden- und Absatzverluste.\n\n[\/creativ_col][creativ_col position=\"c\"]\n<h1 class=\"center iconhead\"><i class=\"flat_icons1 specialfarbe fas fa-calendar-alt\"><\/i><\/h1>\n<h5>Rund um die Uhr<\/h5>\nWeil Probleme grunds\u00e4tzlich zum falschen Zeitpunkt auftreten.\n\n[\/creativ_col][\/creativ_columns]\n\n<\/div>\n\n<hr>\n\n<h5 class=\"home_page_title color_white shadowoff\">Der WP Wartungsvertrag<\/h5>\n\n[creativ_columns structure=\"50|50\"][creativ_col position=\"a\"]\n\n<p class=\"color_white shadowoff\">An 365 Tagen im Jahr bin ich f\u00fcr Ihre WordPress-Website da. Ich erledige s\u00e4mtliche kleinen Reparaturaufgaben und fixe auftretende Bugs. Sie m\u00fcssen sich nicht mehr durch technisches Kauderwelsch w\u00fchlen und tagelang nach irgendwelchen L\u00f6sungen suchen. \u00dcberlassen Sie das doch einfach einem Profi und fangen Sie besseres mit Ihrer Zeit an.<\/p>\n\n[\/creativ_col][creativ_col position=\"b\"]\n\n<ul class=\"fa-ul\">\n    <li><i class=\"fa-li fa fa-check specialfarbe\"><\/i> Hacker ausschlie\u00dfen<\/li>\n    <li><i class=\"fa-li fa fa-check specialfarbe\"><\/i> Konversion ankurbeln<\/li>\n    <li><i class=\"fa-li fa fa-check specialfarbe\"><\/i> Website beschleunigen<\/li>\n    <li><i class=\"fa-li fa fa-check specialfarbe\"><\/i> SEO: Traffic erh\u00f6hen<\/li>\n    <li><i class=\"fa-li fa fa-check specialfarbe\"><\/i> Absprungraten verringern<\/li>\n    <li><i class=\"fa-li fa fa-check specialfarbe\"><\/i> Ihre Marke pushen<\/li>\n<\/ul>\n\n[\/creativ_col][\/creativ_columns]\n\n<hr>\n\n<p class=\"center\">Entscheiden Sie sich f\u00fcr eine monatliche Flatrate und gew\u00e4hrleisten Sie die akurate Funktionalit\u00e4t Ihrer WordPress Website. Oder ich helfe Ihnen einmalig bei einem einzelnen akuten WordPress Problem.<\/p>\n\n<p class=\"center\">[creativ_button url=\"https:\/\/www.saskialund.de\/kontakt\/\" icon=\"\" label=\"Individuell anfragen\" colour=\"theme\" colour_custom=\"\" size=\"medium\" edge=\"rounded\" target=\"_self\"]<\/p>\n\n<hr>\n\n<h5 class=\"home_page_title\">WordPress 24\/7 Service &amp; Support<\/h5>\n\nEs stehen verschiedene, individuelle Vertragsmodelle zur Auswahl.\nEin Wartungsvertrag kann f\u00fcr eine Laufzeit von 12 Monaten abgeschlossen werden - die K\u00fcndigungsfrist betr\u00e4gt 3 Monate zum Ende der Laufzet, ansonsten verl\u00e4ngert sich der Vertrag um weitere 12 Monate.\n\nNach einem Klick auf den folgenden Button finden Sie eine \u00dcbersicht aller Leistungen, die in einem solchen Wartungsvertrag enthalten sein k\u00f6nnen. Sie erhalten auf Anfrage ein auf Ihr Projekt zugeschnittenes Vertragsangebot.\n\n<p class=\"center\">[creativ_button url=\"https:\/\/www.saskialund.de\/wordpress-247-service-support-wartungsvertrag\/dienstleistungskatalog\/\" icon=\"\" label=\"Servicekatalog\" colour=\"theme\" colour_custom=\"\" size=\"medium\" edge=\"rounded\" target=\"_self\"]<\/p>\n\nWenn Sie an einem individuellen Service- und Wartungsvertrag interessiert sind, freue ich mich \u00fcber Ihre Registrierung in meinem <a href=\"https:\/\/support.saskialund.de\" target=\"_blank\" title=\"Jetzt im Online B\u00fcro registrieren\" rel=\"noopener noreferrer\">\u201eOnline B\u00fcro\u201d<\/a>. Bitte nutzen Sie diese Plattform oder mein <a href=\"https:\/\/www.saskialund.de\/kontakt\/\" title=\"Angebot via Kontaktformular anfordern\">Kontaktformular<\/a>, um Ihre individuelle Anfrage zu stellen. Ich unterbreite Ihnen gern ein auf Ihr WordPress Projekt zugeschnittenes Angebot, welches Sie dort direkt annehmen oder ablehnen k\u00f6nnen.","_et_gb_content_width":"","footnotes":""},"dipi_cpt_category":[],"class_list":["post-488","page","type-page","status-publish","has-post-thumbnail","hentry"],"acf":[],"_links":{"self":[{"href":"https:\/\/isla-stud.io\/sv\/wp-json\/wp\/v2\/pages\/488","targetHints":{"allow":["GET"]}}],"collection":[{"href":"https:\/\/isla-stud.io\/sv\/wp-json\/wp\/v2\/pages"}],"about":[{"href":"https:\/\/isla-stud.io\/sv\/wp-json\/wp\/v2\/types\/page"}],"author":[{"embeddable":true,"href":"https:\/\/isla-stud.io\/sv\/wp-json\/wp\/v2\/users\/1"}],"replies":[{"embeddable":true,"href":"https:\/\/isla-stud.io\/sv\/wp-json\/wp\/v2\/comments?post=488"}],"version-history":[{"count":0,"href":"https:\/\/isla-stud.io\/sv\/wp-json\/wp\/v2\/pages\/488\/revisions"}],"wp:featuredmedia":[{"embeddable":true,"href":"https:\/\/isla-stud.io\/sv\/wp-json\/wp\/v2\/media\/759"}],"wp:attachment":[{"href":"https:\/\/isla-stud.io\/sv\/wp-json\/wp\/v2\/media?parent=488"}],"wp:term":[{"taxonomy":"dipi_cpt_category","embeddable":true,"href":"https:\/\/isla-stud.io\/sv\/wp-json\/wp\/v2\/dipi_cpt_category?post=488"}],"curies":[{"name":"wp","href":"https:\/\/api.w.org\/{rel}","templated":true}]}}