{"id":54,"date":"2015-05-24T21:29:12","date_gmt":"2015-05-24T19:29:12","guid":{"rendered":"https:\/\/www.saskialund.de\/?page_id=54"},"modified":"2026-03-12T16:09:28","modified_gmt":"2026-03-12T15:09:28","slug":"it-service-webdesign-a-barsinghausen","status":"publish","type":"page","link":"https:\/\/isla-stud.io\/fr\/","title":{"rendered":"Conception de sites web avec WordPress"},"content":{"rendered":"<p>[et_pb_section fb_built=&#8221;1&#8243; custom_padding_last_edited=&#8221;on|phone&#8221; admin_label=&#8221;Hero Section&#8221; _builder_version=&#8221;4.27.6&#8243; background_color=&#8221;#efe9e1&#8243; background_image=&#8221;@ET-DC@eyJkeW5hbWljIjp0cnVlLCJjb250ZW50IjoicG9zdF9mZWF0dXJlZF9pbWFnZSIsInNldHRpbmdzIjp7fX0=@&#8221; custom_padding=&#8221;80px|0px|0px|0px|false|false&#8221; custom_padding_tablet=&#8221;||||false|false&#8221; custom_padding_phone=&#8221;80px|0px|0px|0px|false|false&#8221; hover_enabled=&#8221;0&#8243; custom_css_main_element=&#8221;min-height: calc(100vh &#8211; 270px);&#8221; global_colors_info=&#8221;{}&#8221; custom_css_main_element_last_edited=&#8221;on|phone&#8221; custom_css_main_element_phone=&#8221;min-height: calc(100vh &#8211; 294px);&#8221; custom_css_main_element_tablet=&#8221;min-height: calc(100vh &#8211; 270px);&#8221; _dynamic_attributes=&#8221;background_image&#8221; sticky_enabled=&#8221;0&#8243;][et_pb_row _builder_version=&#8221;4.16&#8243; height=&#8221;100%&#8221; custom_padding=&#8221;|||&#8221; animation_style=&#8221;slide&#8221; animation_direction=&#8221;bottom&#8221; animation_intensity_slide=&#8221;10%&#8221; custom_css_main_element=&#8221;display: flex;||align-items: center;||min-height: calc(100vh &#8211; 270px);&#8221; global_colors_info=&#8221;{}&#8221; custom_css_main_element_last_edited=&#8221;on|phone&#8221; custom_css_main_element_phone=&#8221;display: flex;||align-items: center;||min-height: calc(100vh &#8211; 294px);&#8221; custom_css_main_element_tablet=&#8221;display: flex;||align-items: center;||min-height: calc(100vh &#8211; 270px);&#8221;][et_pb_column type=&#8221;4_4&#8243; _builder_version=&#8221;4.16&#8243; custom_padding=&#8221;|||&#8221; global_colors_info=&#8221;{}&#8221; custom_padding__hover=&#8221;|||&#8221;][et_pb_text _builder_version=&#8221;4.27.5&#8243; text_text_color=&#8221;#efefef&#8221; header_text_color=&#8221;#efefef&#8221; header_font_size=&#8221;50px&#8221; header_line_height=&#8221;1.2em&#8221; background_color=&#8221;#533F5E&#8221; background_size=&#8221;initial&#8221; background_position=&#8221;top_left&#8221; background_repeat=&#8221;repeat&#8221; max_width=&#8221;600px&#8221; custom_padding=&#8221;30px|40px|30px|40px|true|true&#8221; custom_padding_tablet=&#8221;&#8221; custom_padding_phone=&#8221;25px|32px|25px|32px|true|true&#8221; custom_padding_last_edited=&#8221;on|phone&#8221; header_font_size_tablet=&#8221;45px&#8221; header_font_size_phone=&#8221;35px&#8221; header_font_size_last_edited=&#8221;on|phone&#8221; custom_css_after=&#8221;content: %22%22;||    position: absolute;||    width: 75px;||    height: 75px;||    top: -35px;||    left: -30px;||    display: block;||    background-image: url(https:\/\/www.saskialund.de\/wp-content\/uploads\/2020\/07\/signet_2020_almond_1024.png);||    background-repeat: no-repeat;||    background-position: center;||    background-size: contain;&#8221; box_shadow_style=&#8221;preset2&#8243; box_shadow_color=&#8221;rgba(0,0,0,0.23)&#8221; global_colors_info=&#8221;{}&#8221;]<\/p>\n<h1>WooCommerce &amp; WordPress Development<\/h1>\n<p>f\u00fcr \u00f6ffentliche Tr\u00e4ger, Gro\u00df- und mittelst\u00e4ndische Unternehmen und Industrie<span class=\"blindhelper\">Wartung, Beratung und Programmierung f\u00fcr WordPress Websites und WooCommerce Webshops. , Webdesigner, Web Entwickler und Entwicklerin Saskia Teichmann.<\/span><br \/>\nZertifizierte KI-Expertise und -Beratung (MMAI\u00ae)<\/p>\n<h2 class=\"blindhelper\">Forward Deployed Development in AI<\/h2>\n<h2 class=\"blindhelper\">Webdesign Hannover \u2022 Web\u00adent\u00adwick\u00adlung f\u00fcr WordPress<\/h2>\n<p><span class=\"blindhelper\">Bester Plugin- und Theme-Code seit 2010<\/span>[\/et_pb_text][\/et_pb_column][\/et_pb_row][\/et_pb_section]<\/p>\n","protected":false},"excerpt":{"rendered":"<p>WooCommerce &amp; WordPress Development f\u00fcr \u00f6ffentliche Tr\u00e4ger, Gro\u00df- und mittelst\u00e4ndische Unternehmen und IndustrieWartung, Beratung und Programmierung f\u00fcr WordPress Websites und WooCommerce Webshops. , Webdesigner, Web Entwickler und Entwicklerin Saskia Teichmann. Zertifizierte KI-Expertise und -Beratung (MMAI\u00ae) Forward Deployed Development in AI Webdesign Hannover \u2022 Web\u00adent\u00adwick\u00adlung f\u00fcr WordPress Bester Plugin- und Theme-Code seit 2010<\/p>","protected":false},"author":1,"featured_media":1738,"parent":0,"menu_order":0,"comment_status":"closed","ping_status":"closed","template":"","meta":{"_acf_changed":false,"_et_pb_use_builder":"on","_et_pb_old_content":"","_et_gb_content_width":"","footnotes":""},"dipi_cpt_category":[],"class_list":["post-54","page","type-page","status-publish","has-post-thumbnail","hentry"],"acf":[],"_links":{"self":[{"href":"https:\/\/isla-stud.io\/fr\/wp-json\/wp\/v2\/pages\/54","targetHints":{"allow":["GET"]}}],"collection":[{"href":"https:\/\/isla-stud.io\/fr\/wp-json\/wp\/v2\/pages"}],"about":[{"href":"https:\/\/isla-stud.io\/fr\/wp-json\/wp\/v2\/types\/page"}],"author":[{"embeddable":true,"href":"https:\/\/isla-stud.io\/fr\/wp-json\/wp\/v2\/users\/1"}],"replies":[{"embeddable":true,"href":"https:\/\/isla-stud.io\/fr\/wp-json\/wp\/v2\/comments?post=54"}],"version-history":[{"count":5,"href":"https:\/\/isla-stud.io\/fr\/wp-json\/wp\/v2\/pages\/54\/revisions"}],"predecessor-version":[{"id":3499,"href":"https:\/\/isla-stud.io\/fr\/wp-json\/wp\/v2\/pages\/54\/revisions\/3499"}],"wp:featuredmedia":[{"embeddable":true,"href":"https:\/\/isla-stud.io\/fr\/wp-json\/wp\/v2\/media\/1738"}],"wp:attachment":[{"href":"https:\/\/isla-stud.io\/fr\/wp-json\/wp\/v2\/media?parent=54"}],"wp:term":[{"taxonomy":"dipi_cpt_category","embeddable":true,"href":"https:\/\/isla-stud.io\/fr\/wp-json\/wp\/v2\/dipi_cpt_category?post=54"}],"curies":[{"name":"wp","href":"https:\/\/api.w.org\/{rel}","templated":true}]}}