{"id":1598,"date":"2020-02-10T18:33:59","date_gmt":"2020-02-10T17:33:59","guid":{"rendered":"https:\/\/www.saskialund.de\/?page_id=1598"},"modified":"2020-12-02T01:01:48","modified_gmt":"2020-12-02T00:01:48","slug":"donate","status":"publish","type":"page","link":"https:\/\/isla-stud.io\/fr\/donate\/","title":{"rendered":"Sharing is caring"},"content":{"rendered":"<p>[et_pb_section fb_built=&#8221;1&#8243; admin_label=&#8221;section&#8221; _builder_version=&#8221;4.5.1&#8243; background_color=&#8221;#f0e2d2&#8243;][et_pb_row admin_label=&#8221;row&#8221; _builder_version=&#8221;4.5.1&#8243; background_size=&#8221;initial&#8221; background_position=&#8221;top_left&#8221; background_repeat=&#8221;repeat&#8221; custom_padding=&#8221;||||false|true&#8221;][et_pb_column type=&#8221;4_4&#8243; _builder_version=&#8221;3.25&#8243; custom_padding=&#8221;|||&#8221; custom_padding__hover=&#8221;|||&#8221;][et_pb_text _builder_version=&#8221;4.5.1&#8243; _dynamic_attributes=&#8221;content&#8221; _module_preset=&#8221;dcc33560-3c8d-455b-be12-8cb8aee78d1c&#8221;]@ET-DC@eyJkeW5hbWljIjp0cnVlLCJjb250ZW50IjoicG9zdF90aXRsZSIsInNldHRpbmdzIjp7ImJlZm9yZSI6IjxoMT4iLCJhZnRlciI6IjwvaDE+In19@[\/et_pb_text][et_pb_text _builder_version=&#8221;4.5.1&#8243; _module_preset=&#8221;_initial&#8221;]Sch\u00f6n, dass Sie den Weg auf diese Seite gefunden haben![\/et_pb_text][et_pb_tabs active_tab_background_color=&#8221;#efe9e1&#8243; active_tab_text_color=&#8221;#2c292e&#8221; _builder_version=&#8221;4.5.1&#8243; _module_preset=&#8221;default&#8221; tab_text_color=&#8221;#2c292e&#8221; tab_font=&#8221;||||||||&#8221; tab_font_size=&#8221;19px&#8221; background_color=&#8221;#efe9e1&#8243; custom_margin=&#8221;||60px||false|false&#8221; tab_font_size_tablet=&#8221;&#8221; tab_font_size_phone=&#8221;16px&#8221; tab_font_size_last_edited=&#8221;on|desktop&#8221; custom_css_tabs_controls=&#8221;background-color: #efe9e1;&#8221; border_width_all=&#8221;0px&#8221; box_shadow_style=&#8221;preset1&#8243; box_shadow_blur=&#8221;60px&#8221; box_shadow_spread=&#8221;10px&#8221; box_shadow_color=&#8221;rgba(0,0,0,0.08)&#8221;][et_pb_tab title=&#8221;Deutsch&#8221; _builder_version=&#8221;4.5.1&#8243; _module_preset=&#8221;default&#8221;]Wenn Ihnen meine Arbeit gef\u00e4llt, Sie eines meiner WordPress Plugins nutzen und die weitere Entwicklung unterst\u00fctzen oder mir einfach mal einen Kaffee ausgeben m\u00f6chten, d\u00fcrfen Sie sehr gern den unten befindlichen PayPal Spenden Knopf benutzen!<br \/>\nVielen herzlichen Dank!<\/p>\n<form action=\"https:\/\/www.paypal.com\/cgi-bin\/webscr\" method=\"post\" target=\"_top\">\n<input type=\"hidden\" name=\"cmd\" value=\"_s-xclick\" \/><br \/>\n<input type=\"hidden\" name=\"hosted_button_id\" value=\"RZ2ELCRNGD4J2\" \/><br \/>\n<input type=\"image\" src=\"https:\/\/www.paypalobjects.com\/de_DE\/DE\/i\/btn\/btn_donateCC_LG.gif\" border=\"0\" name=\"submit\" title=\"PayPal - The safer, easier way to pay online!\" alt=\"Spenden mit dem PayPal-Button\" \/><br \/>\n<img decoding=\"async\" alt=\"\" border=\"0\" src=\"https:\/\/www.paypal.com\/de_DE\/i\/scr\/pixel.gif\" width=\"1\" height=\"1\"><br \/>\n<\/form>\n<p>[\/et_pb_tab][et_pb_tab title=&#8221;English&#8221; _builder_version=&#8221;4.5.1&#8243; _module_preset=&#8221;default&#8221;]If you like my work, enjoy any of my WordPress plugins or just feel like buying me a coffee, please feel free to do so by using below PayPal Donation button.<br \/>\nThank you very much!<\/p>\n<form action=\"https:\/\/www.paypal.com\/cgi-bin\/webscr\" method=\"post\" target=\"_top\">\n<input type=\"hidden\" name=\"cmd\" value=\"_s-xclick\" \/><br \/>\n<input type=\"hidden\" name=\"hosted_button_id\" value=\"SYN5E2VHES9DE\" \/><br \/>\n<input type=\"image\" src=\"https:\/\/www.paypalobjects.com\/en_US\/DK\/i\/btn\/btn_donateCC_LG.gif\" border=\"0\" name=\"submit\" title=\"PayPal - The safer, easier way to pay online!\" alt=\"Donate with PayPal button\" \/><br \/>\n<img decoding=\"async\" alt=\"\" border=\"0\" src=\"https:\/\/www.paypal.com\/en_DE\/i\/scr\/pixel.gif\" width=\"1\" height=\"1\"><br \/>\n<\/form>\n<p>[\/et_pb_tab][\/et_pb_tabs][et_pb_blog posts_number=&#8221;2&#8243; meta_date=&#8221;j. F Y&#8221; _builder_version=&#8221;4.7.4&#8243; _module_preset=&#8221;6efbe14d-ea41-47b1-a76f-817c8508f87d&#8221; hover_enabled=&#8221;0&#8243; sticky_enabled=&#8221;0&#8243; show_pagination=&#8221;off&#8221;][\/et_pb_blog][\/et_pb_column][\/et_pb_row][\/et_pb_section]<\/p>\n","protected":false},"excerpt":{"rendered":"<p>Sch\u00f6n, dass Sie den Weg auf diese Seite gefunden haben!Wenn Ihnen meine Arbeit gef\u00e4llt, Sie eines meiner WordPress Plugins nutzen und die weitere Entwicklung unterst\u00fctzen oder mir einfach mal einen Kaffee ausgeben m\u00f6chten, d\u00fcrfen Sie sehr gern den unten befindlichen PayPal Spenden Knopf benutzen! Vielen herzlichen Dank! If you like my work, enjoy any of [&hellip;]<\/p>\n","protected":false},"author":1,"featured_media":0,"parent":0,"menu_order":0,"comment_status":"closed","ping_status":"closed","template":"","meta":{"_acf_changed":false,"_et_pb_use_builder":"on","_et_pb_old_content":"[creativ_tabs][creativ_tab label=\"English\"]If you like my work, enjoy any of my WordPress plugins or just feel like buying me a coffee, please feel free to do so by using below PayPal Donation button. \nThank you very much!\n\n<form action=\"https:\/\/www.paypal.com\/cgi-bin\/webscr\" method=\"post\" target=\"_top\">\n<input type=\"hidden\" name=\"cmd\" value=\"_s-xclick\" \/>\n<input type=\"hidden\" name=\"hosted_button_id\" value=\"SYN5E2VHES9DE\" \/>\n<input type=\"image\" src=\"https:\/\/www.paypalobjects.com\/en_US\/DK\/i\/btn\/btn_donateCC_LG.gif\" border=\"0\" name=\"submit\" title=\"PayPal - The safer, easier way to pay online!\" alt=\"Donate with PayPal button\" \/>\n<img alt=\"\" border=\"0\" src=\"https:\/\/www.paypal.com\/en_DE\/i\/scr\/pixel.gif\" width=\"1\" height=\"1\" \/>\n<\/form>\n\n[\/creativ_tab][creativ_tab label=\"Deutsch\"]Wenn Ihnen meine Arbeit gef\u00e4llt, Sie eines meiner WordPress Plugins nutzen oder mir einfach mal einen Kaffee ausgeben m\u00f6chten, d\u00fcrfen Sie sehr gern den unten befindlichen PayPal Spenden Knopf benutzen! \nVielen herzlichen Dank!\n\n<form action=\"https:\/\/www.paypal.com\/cgi-bin\/webscr\" method=\"post\" target=\"_top\">\n<input type=\"hidden\" name=\"cmd\" value=\"_s-xclick\" \/>\n<input type=\"hidden\" name=\"hosted_button_id\" value=\"RZ2ELCRNGD4J2\" \/>\n<input type=\"image\" src=\"https:\/\/www.paypalobjects.com\/de_DE\/DE\/i\/btn\/btn_donateCC_LG.gif\" border=\"0\" name=\"submit\" title=\"PayPal - The safer, easier way to pay online!\" alt=\"Spenden mit dem PayPal-Button\" \/>\n<img alt=\"\" border=\"0\" src=\"https:\/\/www.paypal.com\/de_DE\/i\/scr\/pixel.gif\" width=\"1\" height=\"1\" \/>\n<\/form>\n\n[\/creativ_tab][\/creativ_tabs]","_et_gb_content_width":"","footnotes":""},"dipi_cpt_category":[],"class_list":["post-1598","page","type-page","status-publish","hentry"],"acf":[],"_links":{"self":[{"href":"https:\/\/isla-stud.io\/fr\/wp-json\/wp\/v2\/pages\/1598","targetHints":{"allow":["GET"]}}],"collection":[{"href":"https:\/\/isla-stud.io\/fr\/wp-json\/wp\/v2\/pages"}],"about":[{"href":"https:\/\/isla-stud.io\/fr\/wp-json\/wp\/v2\/types\/page"}],"author":[{"embeddable":true,"href":"https:\/\/isla-stud.io\/fr\/wp-json\/wp\/v2\/users\/1"}],"replies":[{"embeddable":true,"href":"https:\/\/isla-stud.io\/fr\/wp-json\/wp\/v2\/comments?post=1598"}],"version-history":[{"count":0,"href":"https:\/\/isla-stud.io\/fr\/wp-json\/wp\/v2\/pages\/1598\/revisions"}],"wp:attachment":[{"href":"https:\/\/isla-stud.io\/fr\/wp-json\/wp\/v2\/media?parent=1598"}],"wp:term":[{"taxonomy":"dipi_cpt_category","embeddable":true,"href":"https:\/\/isla-stud.io\/fr\/wp-json\/wp\/v2\/dipi_cpt_category?post=1598"}],"curies":[{"name":"wp","href":"https:\/\/api.w.org\/{rel}","templated":true}]}}