{"id":1616,"date":"2020-07-23T15:21:56","date_gmt":"2020-07-23T13:21:56","guid":{"rendered":"https:\/\/www.saskialund.de\/?page_id=1616"},"modified":"2024-08-19T15:37:15","modified_gmt":"2024-08-19T13:37:15","slug":"blog","status":"publish","type":"page","link":"https:\/\/isla-stud.io\/es\/blog\/","title":{"rendered":"Blog"},"content":{"rendered":"<p>[et_pb_section fb_built=&#8221;1&#8243; _builder_version=&#8221;4.16&#8243; background_color=&#8221;#f0e2d2&#8243; custom_padding=&#8221;||||false|false&#8221; global_colors_info=&#8221;{}&#8221;][et_pb_row _builder_version=&#8221;4.20.4&#8243; custom_padding=&#8221;||0px||false|false&#8221; global_colors_info=&#8221;{}&#8221;][et_pb_column type=&#8221;4_4&#8243; _builder_version=&#8221;4.16&#8243; global_colors_info=&#8221;{}&#8221;][et_pb_text _builder_version=&#8221;4.16&#8243; _dynamic_attributes=&#8221;content&#8221; _module_preset=&#8221;dcc33560-3c8d-455b-be12-8cb8aee78d1c&#8221; global_colors_info=&#8221;{}&#8221;]@ET-DC@eyJkeW5hbWljIjp0cnVlLCJjb250ZW50IjoicG9zdF90aXRsZSIsInNldHRpbmdzIjp7ImJlZm9yZSI6IjxoMT4iLCJhZnRlciI6IjwvaDE+In19@[\/et_pb_text][et_pb_text _builder_version=&#8221;4.27.0&#8243; _module_preset=&#8221;default&#8221; global_colors_info=&#8221;{}&#8221;]<\/p>\n<p>Anleitungen und Guides, Tipps und Tricks zu WooCommerce und WordPress.<br \/>Ich, Saskia Teichmann, Spezialistin f\u00fcr ma\u00dfgeschneiderte Webl\u00f6sungen, teile mein Fachwissen mit Ihnen.<\/p>\n<p>[\/et_pb_text][\/et_pb_column][\/et_pb_row][et_pb_row _builder_version=&#8221;4.20.4&#8243; max_width=&#8221;1680px&#8221; module_alignment=&#8221;center&#8221; global_colors_info=&#8221;{}&#8221;][et_pb_column type=&#8221;4_4&#8243; _builder_version=&#8221;4.16&#8243; global_colors_info=&#8221;{}&#8221;][dpdfg_filtergrid post_number=&#8221;30&#8243; no_results=&#8221;Keine Artikel gefunden.&#8221; thumbnail_size=&#8221;1080&#215;9999&#8243; title_link=&#8221;on&#8221; show_author=&#8221;off&#8221; show_date=&#8221;on&#8221; show_content=&#8221;on&#8221; strip_html=&#8221;off&#8221; multifilter=&#8221;on&#8221; all_text=&#8221;Alle&#8221; filters_sort=&#8221;name&#8221; first_last=&#8221;on&#8221; container_layout=&#8221;dp-dfg-skin-left-vertical-filters&#8221; items_layout=&#8221;dp-dfg-layout-masonry&#8221; items_width=&#8221;30%&#8221; hover_icon=&#8221;&#x55;||divi||400&#8243; overlay_icon_color=&#8221;#EF6E6E&#8221; bg_items=&#8221;#EFE9E1&#8243; bg_filters=&#8221;RGBA(255,255,255,0)&#8221; bg_filter_active=&#8221;#EFE9E1&#8243; bg_pagination=&#8221;RGBA(255,255,255,0)&#8221; items_width_tablet=&#8221;40%&#8221; items_width_phone=&#8221;100%&#8221; items_width_last_edited=&#8221;on|phone&#8221; _builder_version=&#8221;4.27.0&#8243; _module_preset=&#8221;default&#8221; dpdfg_entry_title_line_height=&#8221;1.3em&#8221; dpdfg_entry_meta_text_color=&#8221;#EF6E6E&#8221; dpdfg_entry_meta_font_size=&#8221;16px&#8221; dpdfg_entry_meta_line_height=&#8221;1.3em&#8221; dpdfg_entry_summary_font_size=&#8221;18px&#8221; dpdfg_entry_summary_line_height=&#8221;1.6em&#8221; dpdfg_filters_text_color=&#8221;#EF6E6E&#8221; dpdfg_filters_active_text_color=&#8221;#EF6E6E&#8221; dpdfg_pagination_font_size=&#8221;18px&#8221; dpdfg_entry_title_font_size_tablet=&#8221;16px&#8221; dpdfg_entry_title_font_size_phone=&#8221;16px&#8221; dpdfg_entry_title_font_size_last_edited=&#8221;on|desktop&#8221; dpdfg_entry_meta_font_size_tablet=&#8221;14px&#8221; dpdfg_entry_meta_font_size_phone=&#8221;14px&#8221; dpdfg_entry_meta_font_size_last_edited=&#8221;on|desktop&#8221; dpdfg_entry_summary_font_size_tablet=&#8221;16px&#8221; dpdfg_entry_summary_font_size_phone=&#8221;16px&#8221; dpdfg_entry_summary_font_size_last_edited=&#8221;on|desktop&#8221; dpdfg_pagination_font_size_tablet=&#8221;16px&#8221; dpdfg_pagination_font_size_phone=&#8221;16px&#8221; dpdfg_pagination_font_size_last_edited=&#8221;on|phone&#8221; custom_css_entry-header=&#8221;margin-top: 29px;||padding: 0 15px;&#8221; custom_css_entry-meta=&#8221;padding: .5em 15px 1em;&#8221; custom_css_entry-summary=&#8221;padding: 0 15px 25px;&#8221; box_shadow_style=&#8221;preset1&#8243; box_shadow_blur=&#8221;60px&#8221; box_shadow_spread=&#8221;10px&#8221; box_shadow_color=&#8221;rgba(0,0,0,0.08)&#8221; global_colors_info=&#8221;{}&#8221;][\/dpdfg_filtergrid][\/et_pb_column][\/et_pb_row][\/et_pb_section]<\/p>\n","protected":false},"excerpt":{"rendered":"<p>Instrucciones, gu\u00edas y consejos sobre WooCommerce WordPress. Saskia Teichmann, especialista en soluciones web personalizadas, comparte su experiencia.<\/p>","protected":false},"author":1,"featured_media":0,"parent":0,"menu_order":0,"comment_status":"closed","ping_status":"closed","template":"","meta":{"_acf_changed":false,"_et_pb_use_builder":"on","_et_pb_old_content":"","_et_gb_content_width":"1200","footnotes":""},"dipi_cpt_category":[],"class_list":["post-1616","page","type-page","status-publish","hentry"],"acf":[],"_links":{"self":[{"href":"https:\/\/isla-stud.io\/es\/wp-json\/wp\/v2\/pages\/1616","targetHints":{"allow":["GET"]}}],"collection":[{"href":"https:\/\/isla-stud.io\/es\/wp-json\/wp\/v2\/pages"}],"about":[{"href":"https:\/\/isla-stud.io\/es\/wp-json\/wp\/v2\/types\/page"}],"author":[{"embeddable":true,"href":"https:\/\/isla-stud.io\/es\/wp-json\/wp\/v2\/users\/1"}],"replies":[{"embeddable":true,"href":"https:\/\/isla-stud.io\/es\/wp-json\/wp\/v2\/comments?post=1616"}],"version-history":[{"count":10,"href":"https:\/\/isla-stud.io\/es\/wp-json\/wp\/v2\/pages\/1616\/revisions"}],"predecessor-version":[{"id":3276,"href":"https:\/\/isla-stud.io\/es\/wp-json\/wp\/v2\/pages\/1616\/revisions\/3276"}],"wp:attachment":[{"href":"https:\/\/isla-stud.io\/es\/wp-json\/wp\/v2\/media?parent=1616"}],"wp:term":[{"taxonomy":"dipi_cpt_category","embeddable":true,"href":"https:\/\/isla-stud.io\/es\/wp-json\/wp\/v2\/dipi_cpt_category?post=1616"}],"curies":[{"name":"wp","href":"https:\/\/api.w.org\/{rel}","templated":true}]}}