{"id":39,"date":"2015-05-12T10:08:39","date_gmt":"2015-05-12T08:08:39","guid":{"rendered":"https:\/\/www.saskialund.de\/impressum\/"},"modified":"2026-03-26T12:28:42","modified_gmt":"2026-03-26T11:28:42","slug":"imprint","status":"publish","type":"page","link":"https:\/\/isla-stud.io\/en\/impressum\/","title":{"rendered":"Imprint"},"content":{"rendered":"<p>[et_pb_section fb_built=&#8221;1&#8243; admin_label=&#8221;section&#8221; _builder_version=&#8221;4.16&#8243; background_color=&#8221;#f0e2d2&#8243; global_colors_info=&#8221;{}&#8221;][et_pb_row admin_label=&#8221;row&#8221; _builder_version=&#8221;4.16&#8243; background_size=&#8221;initial&#8221; background_position=&#8221;top_left&#8221; background_repeat=&#8221;repeat&#8221; custom_padding=&#8221;||||false|true&#8221; global_colors_info=&#8221;{}&#8221;][et_pb_column type=&#8221;4_4&#8243; _builder_version=&#8221;4.16&#8243; custom_padding=&#8221;|||&#8221; global_colors_info=&#8221;{}&#8221; custom_padding__hover=&#8221;|||&#8221;][et_pb_text _builder_version=&#8221;4.16&#8243; _dynamic_attributes=&#8221;content&#8221; _module_preset=&#8221;dcc33560-3c8d-455b-be12-8cb8aee78d1c&#8221; global_colors_info=&#8221;{}&#8221;]@ET-DC@eyJkeW5hbWljIjp0cnVlLCJjb250ZW50IjoicG9zdF90aXRsZSIsInNldHRpbmdzIjp7ImJlZm9yZSI6IjxoMT4iLCJhZnRlciI6IjwvaDE+In19@[\/et_pb_text][et_pb_text _builder_version=&#8221;4.27.6&#8243; _module_preset=&#8221;_initial&#8221; global_colors_info=&#8221;{}&#8221;]<\/p>\n<p>Betreiberin der Website unter den Domains isla-stud.io, saskialund.de, citelayer-ai.com, citelayer.ai und wp-studio.dev sowie inhaltlich verantwortlich gem\u00e4\u00df \u00a7 55 RStV ist:<\/p>\n<p>Frau Saskia Teichmann<br \/>Freiberufliche Full Stack Web Entwicklerin<\/p>\n<p>[\/et_pb_text][\/et_pb_column][\/et_pb_row][et_pb_row column_structure=&#8221;1_3,1_3,1_3&#8243; custom_padding_last_edited=&#8221;on|tablet&#8221; _builder_version=&#8221;4.16&#8243; _module_preset=&#8221;default&#8221; custom_padding=&#8221;||60px||false|false&#8221; custom_padding_tablet=&#8221;&#8221; custom_padding_phone=&#8221;&#8221; global_colors_info=&#8221;{}&#8221;][et_pb_column type=&#8221;1_3&#8243; _builder_version=&#8221;4.16&#8243; _module_preset=&#8221;default&#8221; global_colors_info=&#8221;{}&#8221;][et_pb_text _builder_version=&#8221;4.27.6&#8243; _module_preset=&#8221;default&#8221; global_colors_info=&#8221;{}&#8221;]<span class=\"castledown-font\">isla Studio<\/span><\/p>\n<p>WordPress &#038; WooCommerce Development f\u00fcr Mittelstand &#038; Industrie<br \/>\nFull Stack Web Development \/ Forward Deployed Engineering in AI<br \/>\nZertifizierte KI-Expertise (MMAI\u00ae)<\/p>\n<p><strong>citelayer\u00ae<\/strong><br \/>\n<a href=\"https:\/\/citelayer-ai.com\/\" target=\"_blank\" rel=\"noopener\">AI visibility consulting &#038; audits<\/a><br \/>\n<a href=\"https:\/\/citelayer.ai\/\" target=\"_blank\" rel=\"noopener\">AI visibility for WordPress<\/a>[\/et_pb_text][\/et_pb_column][et_pb_column type=&#8221;1_3&#8243; _builder_version=&#8221;4.16&#8243; _module_preset=&#8221;default&#8221; global_colors_info=&#8221;{}&#8221;][et_pb_text _builder_version=&#8221;4.27.5&#8243; _module_preset=&#8221;default&#8221; global_colors_info=&#8221;{}&#8221;]c\/o Hafven<br \/>\nKopernikusstr. 14<br \/>\nD-30167 Hannover<\/p>\n<p>fon +49 4131 99 25 230<br \/>\nhello@isla-stud.io<\/p>\n<p>DE 278 372 212<br \/>\nFinanzamt L\u00fcneburg[\/et_pb_text][\/et_pb_column][et_pb_column type=&#8221;1_3&#8243; _builder_version=&#8221;4.16&#8243; _module_preset=&#8221;default&#8221; global_colors_info=&#8221;{}&#8221;][et_pb_text _builder_version=&#8221;4.21.0&#8243; _module_preset=&#8221;_initial&#8221; link_text_color=&#8221;#2c292e&#8221; global_colors_info=&#8221;{}&#8221;]<\/p>\n<p>Authorisierte Social Media Profile<\/p>\n<p><i class=\"fab fa-twitter\"><\/i> <a href=\"https:\/\/twitter.com\/SaskiaLund\" target=\"_blank\" title=\"Dieses Impressum verifiziert das hier verlinkte Twitterprofil von Saskia Teichmann\" rel=\"nofollow noopener noreferrer\">@SaskiaLund<\/a><br \/><i class=\"fab fa-xing\"><\/i> <a href=\"https:\/\/www.xing.com\/profile\/Saskia_Teichmann\/cv\" target=\"_blank\" title=\"Dieses Impressum verifiziert das hier verlinkte Xing Profil von Saskia Teichmann\" rel=\"noopener noreferrer\">Xing Profil<\/a><br \/><i class=\"fab fa-facebook\"><\/i> <a href=\"https:\/\/www.facebook.com\/wordpressdevstudio\" target=\"_blank\" title=\"Dieses Impressum verifiziert die hier verlinkte Facebook Unternehmensseite von lund | wordpress studio - Webdesign Hannover\" rel=\"noopener noreferrer\">Facebook Profil<\/a><br \/><i class=\"fab fa-linkedin\"><\/i> <a href=\"https:\/\/www.linkedin.com\/in\/saskia-teichmann-2b140410b\/\" target=\"_blank\" title=\"Dieses Impressum verifiziert das hier verlinkte LinkedIn Profil\" rel=\"noopener noreferrer\">LinkedIn Profil<\/a><\/p>\n<p>[\/et_pb_text][\/et_pb_column][\/et_pb_row][et_pb_row column_structure=&#8221;1_3,1_3,1_3&#8243; _builder_version=&#8221;4.16&#8243; _module_preset=&#8221;default&#8221; custom_padding=&#8221;||0px||false|false&#8221; global_colors_info=&#8221;{}&#8221;][et_pb_column type=&#8221;1_3&#8243; _builder_version=&#8221;4.16&#8243; _module_preset=&#8221;default&#8221; global_colors_info=&#8221;{}&#8221;][et_pb_text admin_label=&#8221;Text&#8221; _builder_version=&#8221;4.16&#8243; _module_preset=&#8221;c4d66487-99aa-4c9a-9098-9344c240525f&#8221; global_colors_info=&#8221;{}&#8221;]<\/p>\n<h2>Haftung f\u00fcr Inhalte<\/h2>\n<p>Die Inhalte meiner Seiten wurden mit gr\u00f6\u00dfter Sorgfalt erstellt. F\u00fcr die Richtigkeit, Vollst\u00e4ndigkeit und Aktualit\u00e4t der Inhalte kann ich jedoch keine Gew\u00e4hr \u00fcbernehmen. Als Diensteanbieter bin ich gem\u00e4\u00df \u00a7 7 Abs.1 TMG f\u00fcr eigene Inhalte auf diesen Seiten nach den allgemeinen Gesetzen verantwortlich. Nach \u00a7\u00a7 8 bis 10 TMG bin ich als Diensteanbieter jedoch nicht verpflichtet, \u00fcbermittelte oder gespeicherte fremde Informationen zu \u00fcberwachen oder nach Umst\u00e4nden zu forschen, die auf eine rechtswidrige T\u00e4tigkeit hinweisen. Verpflichtungen zur Entfernung oder Sperrung der Nutzung von Informationen nach den allgemeinen Gesetzen bleiben hiervon unber\u00fchrt. Eine diesbez\u00fcgliche Haftung ist jedoch erst ab dem Zeitpunkt der Kenntnis einer konkreten Rechtsverletzung m\u00f6glich. Bei Bekanntwerden von entsprechenden Rechtsverletzungen werde ich diese Inhalte umgehend entfernen.[\/et_pb_text][et_pb_text admin_label=&#8221;Text&#8221; _builder_version=&#8221;4.16&#8243; _module_preset=&#8221;c4d66487-99aa-4c9a-9098-9344c240525f&#8221; custom_margin=&#8221;||||false|false&#8221; global_colors_info=&#8221;{}&#8221;]Die Europ\u00e4ische Kommission stellt eine Plattform f\u00fcr die au\u00dfergerichtliche Online-Streitbeilegung (OS-Plattform) bereit, die unter www.ec.europa.eu\/consumers\/odr aufrufbar ist. Unsere E-Mail-Adresse finden Sie hier in meinem  Impressum. Ich bin weder verpflichtet noch bereit, an dem Streitschlichtungsverfahren teilzunehmen.[\/et_pb_text][\/et_pb_column][et_pb_column type=&#8221;1_3&#8243; _builder_version=&#8221;4.16&#8243; _module_preset=&#8221;default&#8221; global_colors_info=&#8221;{}&#8221;][et_pb_text admin_label=&#8221;Text&#8221; _builder_version=&#8221;4.16&#8243; _module_preset=&#8221;c4d66487-99aa-4c9a-9098-9344c240525f&#8221; global_colors_info=&#8221;{}&#8221;]<\/p>\n<h2>Haftung f\u00fcr Links<\/h2>\n<p>Mein Angebot enth\u00e4lt Links zu externen Websites Dritter, auf deren Inhalte ich keinen Einfluss habe. Infolgedessen kann ich f\u00fcr diese fremden Inhalte keine Gew\u00e4hr \u00fcbernehmen. F\u00fcr die Inhalte der verlinkten Seiten ist stets der jeweilige Anbieter oder Betreiber der Seiten verantwortlich. Die verlinkten Seiten wurden zum Zeitpunkt der Verlinkung auf m\u00f6gliche Rechtsverst\u00f6\u00dfe \u00fcberpr\u00fcft. Rechtswidrige Inhalte waren zum Zeitpunkt der Verlinkung nicht erkennbar. Eine permanente inhaltliche Kontrolle der verlinkten Seiten ist jedoch ohne konkrete Anhaltspunkte einer Rechtsverletzung nicht zumutbar. Bei Bekanntwerden von Rechtsverletzungen werde ich derartige Links umgehend entfernen.[\/et_pb_text][et_pb_text admin_label=&#8221;Text&#8221; _builder_version=&#8221;4.27.6&#8243; _module_preset=&#8221;c4d66487-99aa-4c9a-9098-9344c240525f&#8221; custom_margin=&#8221;||||false|false&#8221; hover_enabled=&#8221;0&#8243; global_colors_info=&#8221;{}&#8221; sticky_enabled=&#8221;0&#8243;]<\/p>\n<h2>Bildnachweis<\/h2>\n<p>Saskia Teichmann<br \/>\nunsplash.com<br \/>\nMildred &amp; Duck<br \/>\n<a href=\"https:\/\/unsplash.com\/@introspectivedsgn?utm_source=unsplash&#038;utm_medium=referral&#038;utm_content=creditCopyText\" rel=\"noreferer noopener nofollow \" target=\"_blank\">Erik Mclean<\/a><br \/>\n<a href=\"https:\/\/unsplash.com\/fr\/@freegraphictoday?utm_source=unsplash&#038;utm_medium=referral&#038;utm_content=creditCopyText\" rel=\"noreferer noopener nofollow\" target=\"_blank\">AbsolutVision<\/a><br \/>\n<a href=\"https:\/\/unsplash.com\/@pixelfreund?utm_source=unsplash&#038;utm_medium=referral&#038;utm_content=creditCopyText\" rel=\"noreferer noopener nofollow \" target=\"_blank\">Ralph Hutter<\/a><\/p>\n<p>Ich verwende auf meiner Website auch Bildmaterial, das mithilfe von Generativer k\u00fcnstlicher Intelligenz erzeugt wurde.[\/et_pb_text][\/et_pb_column][et_pb_column type=&#8221;1_3&#8243; _builder_version=&#8221;4.16&#8243; _module_preset=&#8221;default&#8221; global_colors_info=&#8221;{}&#8221;][et_pb_text admin_label=&#8221;Text&#8221; _builder_version=&#8221;4.16&#8243; _module_preset=&#8221;c4d66487-99aa-4c9a-9098-9344c240525f&#8221; global_colors_info=&#8221;{}&#8221;]<\/p>\n<h2>Urheberrecht<\/h2>\n<p>Die durch die Seitenbetreiberin, Saskia Lund, erstellten Inhalte und Werke auf diesen Seiten unterliegen dem deutschen Urheberrecht. Die Vervielf\u00e4ltigung, Bearbeitung, Verbreitung und jede Art der Verwertung au\u00dferhalb der Grenzen des Urheberrechtes bed\u00fcrfen der schriftlichen Zustimmung des jeweiligen Autors bzw. Erstellers. Downloads und Kopien dieser Seite sind nur f\u00fcr den privaten, nicht kommerziellen Gebrauch gestattet. Soweit die Inhalte auf dieser Seite nicht vom Betreiber erstellt wurden, werden die Urheberrechte Dritter beachtet. Insbesondere werden Inhalte Dritter als solche gekennzeichnet. Sollten Sie trotzdem auf eine Urheberrechtsverletzung aufmerksam werden, bitte ich um einen entsprechenden Hinweis. Bei Bekanntwerden von Rechtsverletzungen werde ich derartige Inhalte umgehend entfernen.[\/et_pb_text][\/et_pb_column][\/et_pb_row][\/et_pb_section]<\/p>\n","protected":false},"excerpt":{"rendered":"<p>Betreiberin der Website unter den Domains isla-stud.io, saskialund.de, citelayer-ai.com, citelayer.ai und wp-studio.dev sowie inhaltlich verantwortlich gem\u00e4\u00df \u00a7 55 RStV ist: Frau Saskia TeichmannFreiberufliche Full Stack Web Entwicklerinisla Studio WordPress &#038; WooCommerce Development f\u00fcr Mittelstand &#038; Industrie Full Stack Web Development \/ Forward Deployed Engineering in AI Zertifizierte KI-Expertise (MMAI\u00ae) citelayer\u00ae AI visibility consulting &#038; audits [&hellip;]<\/p>\n","protected":false},"author":1,"featured_media":0,"parent":0,"menu_order":0,"comment_status":"closed","ping_status":"closed","template":"","meta":{"_acf_changed":false,"_et_pb_use_builder":"on","_et_pb_old_content":"<p style=\"text-align: center;\"><strong>Saskia Lund<\/strong><\/p>\n\n<p style=\"text-align: center;\">Freiberufliche Frontend Web Entwicklerin\nlund | wordpress studio\nKopernikusstr. 14\n30167 Hannover\nDeutschland<\/p>\n\n<p style=\"text-align: center;\">[fa type=\"envelope\"] <a href=\"mailto:hello@saskialund.de\">hello@saskialund.de<\/a><\/p>\n\n<p style=\"text-align: center;\">Tel: +49 (0) 511 373 88 220<\/p>\n\n<p style=\"text-align: center;\">USt-IdNr. DE 278 372 212\nFinanzamt Hannover Mitte<\/p>\n\n<p style=\"text-align: center;\">Verantwortlich gem\u00e4\u00df \u00a7 55 RStV<\/p>\n\n<p style=\"text-align: center;\"><strong>Saskia Lund<\/strong><\/p>\n\nDie Europ\u00e4ische Kommission stellt eine Plattform f\u00fcr die au\u00dfergerichtliche Online-Streitbeilegung (OS-Plattform) bereit, die unter www.ec.europa.eu\/consumers\/odr aufrufbar ist. Unsere E-Mail-Adresse finden Sie hier in meinem  Impressum. Ich bin weder verpflichtet noch bereit, an dem Streitschlichtungsverfahren teilzunehmen.\n\n<div class=\"fr-divider-space\"><\/div>\n\n<h5>Haftung f\u00fcr Inhalte<\/h5>\n\n<p class=\"blocktext\">Die Inhalte meiner Seiten wurden mit gr\u00f6\u00dfter Sorgfalt erstellt. F\u00fcr die Richtigkeit, Vollst\u00e4ndigkeit und Aktualit\u00e4t der Inhalte kann ich jedoch keine Gew\u00e4hr \u00fcbernehmen. Als Diensteanbieter bin ich gem\u00e4\u00df \u00a7 7 Abs.1 TMG f\u00fcr eigene Inhalte auf diesen Seiten nach den allgemeinen Gesetzen verantwortlich. Nach \u00a7\u00a7 8 bis 10 TMG bin ich als Diensteanbieter jedoch nicht verpflichtet, \u00fcbermittelte oder gespeicherte fremde Informationen zu \u00fcberwachen oder nach Umst\u00e4nden zu forschen, die auf eine rechtswidrige T\u00e4tigkeit hinweisen. Verpflichtungen zur Entfernung oder Sperrung der Nutzung von Informationen nach den allgemeinen Gesetzen bleiben hiervon unber\u00fchrt. Eine diesbez\u00fcgliche Haftung ist jedoch erst ab dem Zeitpunkt der Kenntnis einer konkreten Rechtsverletzung m\u00f6glich. Bei Bekanntwerden von entsprechenden Rechtsverletzungen werde ich diese Inhalte umgehend entfernen.<\/p>\n\n<h5>Haftung f\u00fcr Links<\/h5>\n\n<p class=\"blocktext\">Mein Angebot enth\u00e4lt Links zu externen Websites Dritter, auf deren Inhalte ich keinen Einfluss habe. Infolgedessen kann ich f\u00fcr diese fremden Inhalte keine Gew\u00e4hr \u00fcbernehmen. F\u00fcr die Inhalte der verlinkten Seiten ist stets der jeweilige Anbieter oder Betreiber der Seiten verantwortlich. Die verlinkten Seiten wurden zum Zeitpunkt der Verlinkung auf m\u00f6gliche Rechtsverst\u00f6\u00dfe \u00fcberpr\u00fcft. Rechtswidrige Inhalte waren zum Zeitpunkt der Verlinkung nicht erkennbar. Eine permanente inhaltliche Kontrolle der verlinkten Seiten ist jedoch ohne konkrete Anhaltspunkte einer Rechtsverletzung nicht zumutbar. Bei Bekanntwerden von Rechtsverletzungen werde ich derartige Links umgehend entfernen.<\/p>\n\n<h5>Urheberrecht<\/h5>\n\n<p class=\"blocktext\">Die durch die Seitenbetreiberin, Saskia Lund, erstellten Inhalte und Werke auf diesen Seiten unterliegen dem deutschen Urheberrecht. Die Vervielf\u00e4ltigung, Bearbeitung, Verbreitung und jede Art der Verwertung au\u00dferhalb der Grenzen des Urheberrechtes bed\u00fcrfen der schriftlichen Zustimmung des jeweiligen Autors bzw. Erstellers. Downloads und Kopien dieser Seite sind nur f\u00fcr den privaten, nicht kommerziellen Gebrauch gestattet. Soweit die Inhalte auf dieser Seite nicht vom Betreiber erstellt wurden, werden die Urheberrechte Dritter beachtet. Insbesondere werden Inhalte Dritter als solche gekennzeichnet. Sollten Sie trotzdem auf eine Urheberrechtsverletzung aufmerksam werden, bitte ich um einen entsprechenden Hinweis. Bei Bekanntwerden von Rechtsverletzungen werde ich derartige Inhalte umgehend entfernen.<\/p>\n\n<p class=\"quelle\"><a href=\"http:\/\/www.e-recht24.de\/muster-disclaimer.htm\" target=\"_blank\" rel=\"nofollow noopener noreferrer\"> www.e-recht24.de<\/a><\/p>","_et_gb_content_width":"","footnotes":""},"dipi_cpt_category":[],"class_list":["post-39","page","type-page","status-publish","hentry"],"acf":[],"_links":{"self":[{"href":"https:\/\/isla-stud.io\/en\/wp-json\/wp\/v2\/pages\/39","targetHints":{"allow":["GET"]}}],"collection":[{"href":"https:\/\/isla-stud.io\/en\/wp-json\/wp\/v2\/pages"}],"about":[{"href":"https:\/\/isla-stud.io\/en\/wp-json\/wp\/v2\/types\/page"}],"author":[{"embeddable":true,"href":"https:\/\/isla-stud.io\/en\/wp-json\/wp\/v2\/users\/1"}],"replies":[{"embeddable":true,"href":"https:\/\/isla-stud.io\/en\/wp-json\/wp\/v2\/comments?post=39"}],"version-history":[{"count":5,"href":"https:\/\/isla-stud.io\/en\/wp-json\/wp\/v2\/pages\/39\/revisions"}],"predecessor-version":[{"id":3564,"href":"https:\/\/isla-stud.io\/en\/wp-json\/wp\/v2\/pages\/39\/revisions\/3564"}],"wp:attachment":[{"href":"https:\/\/isla-stud.io\/en\/wp-json\/wp\/v2\/media?parent=39"}],"wp:term":[{"taxonomy":"dipi_cpt_category","embeddable":true,"href":"https:\/\/isla-stud.io\/en\/wp-json\/wp\/v2\/dipi_cpt_category?post=39"}],"curies":[{"name":"wp","href":"https:\/\/api.w.org\/{rel}","templated":true}]}}